{"id":15,"date":"2023-10-01T20:14:24","date_gmt":"2023-10-01T18:14:24","guid":{"rendered":"https:\/\/en.ktgrafika.pl\/?page_id=15"},"modified":"2023-10-01T20:14:24","modified_gmt":"2023-10-01T18:14:24","slug":"15-2","status":"publish","type":"page","link":"https:\/\/en.ktgrafika.pl\/index.php\/15-2\/","title":{"rendered":""},"content":{"rendered":"\n<h2 class=\"wp-block-heading\">Wsparcie projektu<\/h2>\n\n\n\n<figure class=\"wp-block-image size-large\"><img decoding=\"async\" src=\"http:\/\/ktgrafika.pl\/wp-content\/uploads\/2023\/08\/logotypy-realizacjekt-1024x205.png\" alt=\"\" class=\"wp-image-90\"\/><\/figure>\n\n\n\n<div class=\"wp-block-group alignwide is-layout-constrained wp-block-group-is-layout-constrained\">\n<p class=\"has-text-align-center has-vivid-cyan-blue-color has-text-color\">\u201eEuropejski Fundusz Rolny na rzecz Rozwoju Obszar\u00f3w Wiejskich: Europa inwestuj\u0105ca w obszary wiejskie\u201d.<\/p>\n\n\n\n<p class=\"has-text-align-center\">Operacja pn. <strong>\u201eStudio graficzne Kamil Tomasiewicz\u201d<\/strong><\/p>\n\n\n\n<p class=\"has-text-align-center\">maj\u0105ca na celu<\/p>\n\n\n\n<p class=\"has-text-align-center\"><strong>\u201ePodj\u0119cie dzia\u0142alno\u015bci gospodarczej przez utworzenie firmy<br>Studio graficzne Kamil Tomasiewicz \u015bwiadcz\u0105cej us\u0142ugi<br>graficzne. Realizacja operacji przyczyni si\u0119 do utworzenia<br>1 miejsca pracy (samozatrudnienie) i utrzymanie go<\/strong><\/p>\n\n\n\n<p class=\"has-text-align-center\"><strong>w okresie zwi\u0105zania z celem\u201d<\/strong><\/p>\n\n\n\n<p class=\"has-text-align-center\">wsp\u00f3\u0142finansowana<\/p>\n\n\n\n<p class=\"has-text-align-center\">jest ze \u015brodk\u00f3w Unii Europejskiej w ramach ramach poddzia\u0142ania<br>19.2 Wsparcie na wdra\u017canie operacji w ramach strategii<br>rozwoju lokalnego kierowanego przez spo\u0142eczno\u015b\u0107<br>Programu Rozwoju Obszar\u00f3w Wiejskich na lata 2014-2020.<\/p>\n\n\n\n<p><\/p>\n<\/div>\n","protected":false},"excerpt":{"rendered":"<p>Wsparcie projektu \u201eEuropejski Fundusz Rolny na rzecz Rozwoju Obszar\u00f3w Wiejskich: Europa inwestuj\u0105ca w obszary wiejskie\u201d. Operacja pn. \u201eStudio graficzne Kamil Tomasiewicz\u201d maj\u0105ca na celu \u201ePodj\u0119cie dzia\u0142alno\u015bci gospodarczej przez utworzenie firmyStudio graficzne Kamil Tomasiewicz \u015bwiadcz\u0105cej us\u0142ugigraficzne. Realizacja operacji przyczyni si\u0119 do utworzenia1 miejsca pracy (samozatrudnienie) i utrzymanie go w okresie zwi\u0105zania z celem\u201d wsp\u00f3\u0142finansowana jest ze [&hellip;]<\/p>\n","protected":false},"author":1,"featured_media":0,"parent":0,"menu_order":0,"comment_status":"closed","ping_status":"closed","template":"","meta":{"footnotes":""},"class_list":["post-15","page","type-page","status-publish","hentry"],"_links":{"self":[{"href":"https:\/\/en.ktgrafika.pl\/index.php\/wp-json\/wp\/v2\/pages\/15","targetHints":{"allow":["GET"]}}],"collection":[{"href":"https:\/\/en.ktgrafika.pl\/index.php\/wp-json\/wp\/v2\/pages"}],"about":[{"href":"https:\/\/en.ktgrafika.pl\/index.php\/wp-json\/wp\/v2\/types\/page"}],"author":[{"embeddable":true,"href":"https:\/\/en.ktgrafika.pl\/index.php\/wp-json\/wp\/v2\/users\/1"}],"replies":[{"embeddable":true,"href":"https:\/\/en.ktgrafika.pl\/index.php\/wp-json\/wp\/v2\/comments?post=15"}],"version-history":[{"count":1,"href":"https:\/\/en.ktgrafika.pl\/index.php\/wp-json\/wp\/v2\/pages\/15\/revisions"}],"predecessor-version":[{"id":16,"href":"https:\/\/en.ktgrafika.pl\/index.php\/wp-json\/wp\/v2\/pages\/15\/revisions\/16"}],"wp:attachment":[{"href":"https:\/\/en.ktgrafika.pl\/index.php\/wp-json\/wp\/v2\/media?parent=15"}],"curies":[{"name":"wp","href":"https:\/\/api.w.org\/{rel}","templated":true}]}}